{"id":20,"date":"2018-03-30T19:45:04","date_gmt":"2018-03-30T17:45:04","guid":{"rendered":"http:\/\/keramikamili.cz\/web\/?page_id=20"},"modified":"2020-12-10T04:31:17","modified_gmt":"2020-12-10T03:31:17","slug":"kontakt","status":"publish","type":"page","link":"http:\/\/keramikamili.cz\/web\/kontakt\/","title":{"rendered":"Kontakt"},"content":{"rendered":"<div class=\"su-row\"><div class=\"su-column su-column-size-1-2\"><div class=\"su-column-inner su-u-clearfix su-u-trim\"><div class=\"su-gmap su-u-responsive-media-yes\"><iframe width=\"600\" height=\"400\" src=\"\/\/maps.google.com\/maps?q=Tr%C3%A1vn%C3%ADky%20323%2C%20Byst%C5%99ice%20pod%20Host%C3%BDnem&amp;output=embed\" title=\"Tr\u00e1vn\u00edky 323, Byst\u0159ice pod Host\u00fdnem\"><\/iframe><\/div> <\/div><\/div> <div class=\"su-column su-column-size-1-2\"><div class=\"su-column-inner su-u-clearfix su-u-trim\"><span style=\"font-size: 1rem;\">Milena Ho\u0161\u0165\u00e1lkov\u00e1<br \/><\/span>Tr\u00e1vn\u00edky 323<br \/>Byst\u0159ice pod Host\u00fdnem<br \/>768 61<\/p>\n<p>I\u010cO : 65831217<\/p>\n<p>Email:\u00a0<a href=\"mailto:keramikamili@seznam.cz\">keramikamili@seznam.cz<\/a><br \/>Telefon : 731 453 460<br \/>Facebook : <a href=\"https:\/\/www.facebook.com\/milena.hostalkova\">keramikamili<\/a><\/p>\n<\/div><\/div><\/div>\n<p>\u00a0<\/p>\n\n\n<figure class=\"wp-block-image size-large\"><img loading=\"lazy\" width=\"532\" height=\"296\" src=\"http:\/\/keramikamili.cz\/web\/wp-content\/uploads\/2020\/12\/vizitka.jpg\" alt=\"\" class=\"wp-image-251\" srcset=\"http:\/\/keramikamili.cz\/web\/wp-content\/uploads\/2020\/12\/vizitka.jpg 532w, http:\/\/keramikamili.cz\/web\/wp-content\/uploads\/2020\/12\/vizitka-300x167.jpg 300w\" sizes=\"(max-width: 532px) 100vw, 532px\" \/><\/figure>\n","protected":false},"excerpt":{"rendered":"<p>\u00a0<\/p>\n","protected":false},"author":1,"featured_media":0,"parent":0,"menu_order":0,"comment_status":"closed","ping_status":"closed","template":"","meta":[],"_links":{"self":[{"href":"http:\/\/keramikamili.cz\/web\/wp-json\/wp\/v2\/pages\/20"}],"collection":[{"href":"http:\/\/keramikamili.cz\/web\/wp-json\/wp\/v2\/pages"}],"about":[{"href":"http:\/\/keramikamili.cz\/web\/wp-json\/wp\/v2\/types\/page"}],"author":[{"embeddable":true,"href":"http:\/\/keramikamili.cz\/web\/wp-json\/wp\/v2\/users\/1"}],"replies":[{"embeddable":true,"href":"http:\/\/keramikamili.cz\/web\/wp-json\/wp\/v2\/comments?post=20"}],"version-history":[{"count":11,"href":"http:\/\/keramikamili.cz\/web\/wp-json\/wp\/v2\/pages\/20\/revisions"}],"predecessor-version":[{"id":304,"href":"http:\/\/keramikamili.cz\/web\/wp-json\/wp\/v2\/pages\/20\/revisions\/304"}],"wp:attachment":[{"href":"http:\/\/keramikamili.cz\/web\/wp-json\/wp\/v2\/media?parent=20"}],"curies":[{"name":"wp","href":"https:\/\/api.w.org\/{rel}","templated":true}]}}